{"id":7426,"date":"2021-06-21T20:49:45","date_gmt":"2021-06-21T13:49:45","guid":{"rendered":"https:\/\/topdev.vn\/page\/?page_id=7426"},"modified":"2024-09-05T14:16:35","modified_gmt":"2024-09-05T07:16:35","slug":"mobile","status":"publish","type":"page","link":"https:\/\/topdev.vn\/page\/mobile","title":{"rendered":"TopDev Mobile Application"},"content":{"rendered":"<p>[et_pb_section fb_built=&#8221;1&#8243; _builder_version=&#8221;4.21.0&#8243; _module_preset=&#8221;default&#8221; background_color=&#8221;#efefef&#8221; background_enable_image=&#8221;off&#8221; width_tablet=&#8221;&#8221; width_phone=&#8221;100%&#8221; width_last_edited=&#8221;on|phone&#8221; custom_padding=&#8221;0px|||||&#8221; global_colors_info=&#8221;{}&#8221; theme_builder_area=&#8221;post_content&#8221;][et_pb_row _builder_version=&#8221;4.21.0&#8243; _module_preset=&#8221;default&#8221; width_tablet=&#8221;&#8221; width_phone=&#8221;100%&#8221; width_last_edited=&#8221;on|phone&#8221; max_width=&#8221;1539px&#8221; global_colors_info=&#8221;{}&#8221; theme_builder_area=&#8221;post_content&#8221;][et_pb_column type=&#8221;4_4&#8243; _builder_version=&#8221;4.21.0&#8243; _module_preset=&#8221;default&#8221; global_colors_info=&#8221;{}&#8221; theme_builder_area=&#8221;post_content&#8221;][et_pb_image src=&#8221;https:\/\/cdn.topdev.vn\/page\/wp-content\/uploads\/2024\/09\/header.png&#8221; title_text=&#8221;header&#8221; _builder_version=&#8221;4.21.0&#8243; _module_preset=&#8221;default&#8221; global_colors_info=&#8221;{}&#8221; theme_builder_area=&#8221;post_content&#8221;][\/et_pb_image][et_pb_text _builder_version=&#8221;4.21.0&#8243; _module_preset=&#8221;default&#8221; text_font=&#8221;||||||||&#8221; text_text_color=&#8221;#000000&#8243; text_font_size=&#8221;20px&#8221; header_font=&#8221;|800|||||||&#8221; header_text_color=&#8221;#000000&#8243; custom_padding_tablet=&#8221;&#8221; custom_padding_phone=&#8221;|20px||20px|false|false&#8221; custom_padding_last_edited=&#8221;on|phone&#8221; global_colors_info=&#8221;{}&#8221; theme_builder_area=&#8221;post_content&#8221;]<\/p>\n<h1 style=\"text-align: center;\"><strong>\u1ee8ng D\u1ee5ng Di \u0110\u1ed9ng &#8220;TopDev &#8211; T\u00ecm vi\u1ec7c IT&#8221;<\/strong><\/h1>\n<p style=\"text-align: center;\">TopDev &#8211; T\u00ecm vi\u1ec7c IT l\u00e0 \u1ee9ng d\u1ee5ng di \u0111\u1ed9ng ch\u00ednh th\u1ee9c c\u1ee7a trang TopDev.vn &#8211; Vi\u1ec7c l\u00e0m IT h\u00e0ng \u0111\u1ea7u d\u00e0nh cho l\u1eadp tr\u00ecnh vi\u00ean t\u1ea1i Vi\u1ec7t Nam. V\u1edbi TopDev, \u1edf c\u1ea3 trang web &amp; \u1ee9ng d\u1ee5ng di \u0111\u1ed9ng, c\u00e1c l\u1eadp tr\u00ecnh vi\u00ean c\u00f3 th\u1ec3 t\u00ecm vi\u1ec7c l\u00e0m IT m\u1ed9t c\u00e1ch nhanh ch\u00f3ng v\u00e0 hi\u1ec7u qu\u1ea3 h\u01a1n bao gi\u1edd h\u1ebft. T\u1ea3i \u1ee9ng d\u1ee5ng ngay!<\/p>\n<p>[\/et_pb_text][\/et_pb_column][\/et_pb_row][et_pb_row column_structure=&#8221;1_4,1_4,1_4,1_4&#8243; _builder_version=&#8221;4.21.0&#8243; custom_margin=&#8221;||0px||false|false&#8221; custom_margin_tablet=&#8221;&#8221; custom_margin_phone=&#8221;||-50px||false|false&#8221; custom_margin_last_edited=&#8221;on|phone&#8221; locked=&#8221;off&#8221; global_colors_info=&#8221;{}&#8221; theme_builder_area=&#8221;post_content&#8221;][et_pb_column type=&#8221;1_4&#8243; _builder_version=&#8221;4.16&#8243; global_colors_info=&#8221;{}&#8221; theme_builder_area=&#8221;post_content&#8221;][\/et_pb_column][et_pb_column type=&#8221;1_4&#8243; _builder_version=&#8221;4.16&#8243; global_colors_info=&#8221;{}&#8221; theme_builder_area=&#8221;post_content&#8221;][et_pb_image src=&#8221;https:\/\/topdev.vn\/page\/wp-content\/uploads\/2021\/06\/1573551642-15357381-176x52x176x52x0x0-app-store-badge.png&#8221; url=&#8221;https:\/\/apps.apple.com\/us\/app\/topdev-it-jobs-search\/id1049264016#?platform=iphone&#038;referrer=utm_source%3Dtopdev%26utm_medium%3Dintroduction_page&#8221; url_new_window=&#8221;on&#8221; align=&#8221;center&#8221; align_tablet=&#8221;&#8221; align_phone=&#8221;center&#8221; align_last_edited=&#8221;on|phone&#8221; _builder_version=&#8221;4.21.0&#8243; width_tablet=&#8221;&#8221; width_phone=&#8221;100%&#8221; width_last_edited=&#8221;on|phone&#8221; global_colors_info=&#8221;{}&#8221; theme_builder_area=&#8221;post_content&#8221;][\/et_pb_image][\/et_pb_column][et_pb_column type=&#8221;1_4&#8243; _builder_version=&#8221;4.16&#8243; global_colors_info=&#8221;{}&#8221; theme_builder_area=&#8221;post_content&#8221;][et_pb_image src=&#8221;https:\/\/topdev.vn\/page\/wp-content\/uploads\/2021\/06\/1573551643-15357716-173x52x173x52x0x0-google-play-badge.png&#8221; url=&#8221;https:\/\/play.google.com\/store\/apps\/details?id=it.jobs.topdev&#038;referrer=utm_source%3Dtopdev%26utm_medium%3Dintroduction_page&#8221; url_new_window=&#8221;on&#8221; align=&#8221;center&#8221; align_tablet=&#8221;&#8221; align_phone=&#8221;center&#8221; align_last_edited=&#8221;on|phone&#8221; _builder_version=&#8221;4.21.0&#8243; global_colors_info=&#8221;{}&#8221; theme_builder_area=&#8221;post_content&#8221;][\/et_pb_image][\/et_pb_column][et_pb_column type=&#8221;1_4&#8243; _builder_version=&#8221;4.16&#8243; global_colors_info=&#8221;{}&#8221; theme_builder_area=&#8221;post_content&#8221;][\/et_pb_column][\/et_pb_row][et_pb_row _builder_version=&#8221;4.21.0&#8243; _module_preset=&#8221;default&#8221; width_tablet=&#8221;&#8221; width_phone=&#8221;100%&#8221; width_last_edited=&#8221;on|phone&#8221; global_colors_info=&#8221;{}&#8221; theme_builder_area=&#8221;post_content&#8221;][et_pb_column type=&#8221;4_4&#8243; _builder_version=&#8221;4.21.0&#8243; _module_preset=&#8221;default&#8221; global_colors_info=&#8221;{}&#8221; theme_builder_area=&#8221;post_content&#8221;][et_pb_image src=&#8221;https:\/\/cdn.topdev.vn\/page\/wp-content\/uploads\/2024\/09\/body.png&#8221; title_text=&#8221;body&#8221; _builder_version=&#8221;4.21.0&#8243; _module_preset=&#8221;default&#8221; global_colors_info=&#8221;{}&#8221; theme_builder_area=&#8221;post_content&#8221;][\/et_pb_image][\/et_pb_column][\/et_pb_row][\/et_pb_section][et_pb_section fb_built=&#8221;1&#8243; _builder_version=&#8221;4.21.0&#8243; background_color=&#8221;rgba(204,204,204,0.27)&#8221; min_height=&#8221;700px&#8221; custom_padding=&#8221;0px||0px||false|false&#8221; locked=&#8221;off&#8221; global_colors_info=&#8221;{}&#8221; theme_builder_area=&#8221;post_content&#8221;][et_pb_row column_structure=&#8221;1_4,1_4,1_4,1_4&#8243; custom_padding_last_edited=&#8221;on|desktop&#8221; disabled_on=&#8221;on|on|off&#8221; _builder_version=&#8221;4.16&#8243; custom_margin=&#8221;||||false|false&#8221; custom_padding=&#8221;100px||||false|false&#8221; custom_padding_tablet=&#8221;&#8221; custom_padding_phone=&#8221;&#8221; global_colors_info=&#8221;{}&#8221; theme_builder_area=&#8221;post_content&#8221;][et_pb_column type=&#8221;1_4&#8243; _builder_version=&#8221;4.16&#8243; global_colors_info=&#8221;{}&#8221; theme_builder_area=&#8221;post_content&#8221;][\/et_pb_column][et_pb_column type=&#8221;1_4&#8243; _builder_version=&#8221;4.16&#8243; global_colors_info=&#8221;{}&#8221; theme_builder_area=&#8221;post_content&#8221;][et_pb_image src=&#8221;https:\/\/topdev.vn\/page\/wp-content\/uploads\/2021\/06\/1573551643-15357716-173x52x173x52x0x0-google-play-badge.png&#8221; url=&#8221;https:\/\/play.google.com\/store\/apps\/details?id=it.jobs.topdev&#038;referrer=utm_source%3Dtopdev%26utm_medium%3Dintroduction_page&#8221; url_new_window=&#8221;on&#8221; align=&#8221;center&#8221; align_tablet=&#8221;&#8221; align_phone=&#8221;&#8221; align_last_edited=&#8221;on|phone&#8221; _builder_version=&#8221;4.16&#8243; global_colors_info=&#8221;{}&#8221; theme_builder_area=&#8221;post_content&#8221;][\/et_pb_image][\/et_pb_column][et_pb_column type=&#8221;1_4&#8243; _builder_version=&#8221;4.16&#8243; global_colors_info=&#8221;{}&#8221; theme_builder_area=&#8221;post_content&#8221;][et_pb_image src=&#8221;https:\/\/topdev.vn\/page\/wp-content\/uploads\/2021\/06\/1573551642-15357381-176x52x176x52x0x0-app-store-badge.png&#8221; url=&#8221;https:\/\/apps.apple.com\/us\/app\/topdev-it-jobs-search\/id1049264016#?platform=iphone&#038;referrer=utm_source%3Dtopdev%26utm_medium%3Dintroduction_page&#8221; url_new_window=&#8221;on&#8221; align=&#8221;center&#8221; align_tablet=&#8221;&#8221; align_phone=&#8221;center&#8221; align_last_edited=&#8221;on|desktop&#8221; _builder_version=&#8221;4.16&#8243; global_colors_info=&#8221;{}&#8221; theme_builder_area=&#8221;post_content&#8221;][\/et_pb_image][\/et_pb_column][et_pb_column type=&#8221;1_4&#8243; _builder_version=&#8221;4.16&#8243; global_colors_info=&#8221;{}&#8221; theme_builder_area=&#8221;post_content&#8221;][\/et_pb_column][\/et_pb_row][et_pb_row column_structure=&#8221;1_2,1_2&#8243; _builder_version=&#8221;4.21.0&#8243; global_colors_info=&#8221;{}&#8221; theme_builder_area=&#8221;post_content&#8221;][et_pb_column type=&#8221;1_2&#8243; _builder_version=&#8221;4.16&#8243; global_colors_info=&#8221;{}&#8221; theme_builder_area=&#8221;post_content&#8221;][et_pb_text _builder_version=&#8221;4.21.0&#8243; text_font=&#8221;||||||||&#8221; text_text_color=&#8221;#000000&#8243; text_line_height=&#8221;1.4em&#8221; ul_line_height=&#8221;1.4em&#8221; global_colors_info=&#8221;{}&#8221; theme_builder_area=&#8221;post_content&#8221;]<\/p>\n<p style=\"text-align: justify;\"><span><strong>TopDev &#8211; T\u00ecm vi\u1ec7c IT l\u00e0 \u1ee9ng d\u1ee5ng di \u0111\u1ed9ng ch\u00ednh th\u1ee9c c\u1ee7a trang TopDev.vn &#8211; Vi\u1ec7c l\u00e0m IT h\u00e0ng \u0111\u1ea7u d\u00e0nh cho l\u1eadp tr\u00ecnh vi\u00ean t\u1ea1i Vi\u1ec7t Nam. V\u1edbi TopDev, \u1edf c\u1ea3 trang web &amp; \u1ee9ng d\u1ee5ng di \u0111\u1ed9ng, c\u00e1c l\u1eadp tr\u00ecnh vi\u00ean c\u00f3 th\u1ec3 t\u00ecm vi\u1ec7c l\u00e0m IT m\u1ed9t c\u00e1ch nhanh ch\u00f3ng v\u00e0 hi\u1ec7u qu\u1ea3 h\u01a1n bao gi\u1edd h\u1ebft v\u1edbi c\u00e1c t\u00ednh n\u0103ng sau:<\/strong> <\/span><\/p>\n<p style=\"text-align: justify;\"><span><strong>T\u00ccM KI\u1ebeM VI\u1ec6C L\u00c0M IT &amp; C\u00d4NG TY C\u00d4NG NGH\u1ec6<\/strong> <\/span><\/p>\n<ul>\n<li style=\"text-align: justify;\"><span>H\u01a1n 1.000 vi\u1ec7c l\u00e0m IT m\u1ed7i ng\u00e0y t\u1eeb kh\u1eafp n\u01a1i tr\u00ean Vi\u1ec7t Nam<\/span><\/li>\n<li style=\"text-align: justify;\"><span>C\u00f4ng c\u1ee5 chuy\u00ean t\u00ecm ki\u1ebfm d\u00e0nh cho l\u1eadp tr\u00ecnh vi\u00ean \u0111\u01b0\u1ee3c ph\u00e2n lo\u1ea1i theo: k\u1ef9 n\u0103ng, tech stack, c\u00f4ng ty, v\u1ecb tr\u00ed &amp; m\u1ee9c l\u01b0\u01a1ng<\/span><\/li>\n<li style=\"text-align: justify;\"><span>M\u00f4 t\u1ea3 c\u00f4ng vi\u1ec7c \u0111\u1ea7y \u0111\u1ee7 th\u00f4ng tin c\u1ee7a c\u00e1c c\u00f4ng ty, c\u00e1c d\u1ef1 \u00e1n v\u00e0 ph\u00fac l\u1ee3i<\/span><\/li>\n<\/ul>\n<p><strong>G\u1ee2I \u00dd VI\u1ec6C L\u00c0M IT PH\u00d9 H\u1ee2P<\/strong><\/p>\n<ul>\n<li><span>B\u1eb1ng c\u00e1ch vu\u1ed1t tr\u00e1i ho\u1eb7c ph\u1ea3i \u0111\u1ec3 kh\u00e1m ph\u00e1 vi\u1ec7c l\u00e0m IT ph\u00f9 h\u1ee3p<\/span><\/li>\n<li><span>\u1ee8ng d\u1ee5ng lu\u00f4n c\u1eadp nh\u1eadt nh\u1eefng vi\u1ec7c l\u00e0m IT m\u1edbi nh\u1ea5t &amp; ph\u00f9 h\u1ee3p v\u1edbi k\u1ef9 n\u0103ng v\u00e0 h\u1ed3 s\u01a1 c\u1ee7a b\u1ea1n<\/span><\/li>\n<\/ul>\n<p><strong>\u1ee8NG TUY\u1ec2N D\u1ec4 D\u00c0NG<\/strong><\/p>\n<ul>\n<li><span>\u1ee8ng tuy\u1ec3n vi\u1ec7c l\u00e0m IT ch\u1ec9 v\u1edbi m\u1ed9t b\u01b0\u1edbc<\/span><\/li>\n<li><span>L\u01b0u CV c\u1ee7a b\u1ea1n\/ Cover Letter m\u1ecdi thi\u1ebft b\u1ecb <\/span><\/li>\n<\/ul>\n<p><strong>QU\u1ea2N L\u00dd CV &amp; L\u1ecaCH S\u1eec \u1ee8NG TUY\u1ec2N<\/strong><\/p>\n<ul>\n<li><span> T\u00ednh n\u0103ng &#8220;\u0110ang t\u00ecm vi\u1ec7c&#8221; &amp; &#8220;Auto-apply&#8221; gi\u00fap h\u1ed3 s\u01a1 c\u1ee7a b\u1ea1n lu\u00f4n c\u00f3 th\u1ec3 ti\u1ebfp c\u1eadn b\u1edfi c\u00e1c nh\u00e0 tuy\u1ec3n d\u1ee5ng ti\u1ec1m n\u0103ng<\/span><\/li>\n<li><span>Qu\u1ea3n l\u00fd l\u1ecbch s\u1eed &amp; h\u1ed3 s\u01a1 \u1ee9ng tuy\u1ec3n<\/span><\/li>\n<li><span>L\u01b0u c\u00f4ng vi\u1ec7c &amp; c\u00f4ng ty y\u00eau th\u00edch v\u00e0 \u1ee9ng tuy\u1ec3n sau<\/span><\/li>\n<li>T\u1ea1o m\u1edbi Jobs Alert d\u1ef1a tr\u00ean k\u1ef9 n\u0103ng v\u00e0 tech stack<\/li>\n<\/ul>\n<p style=\"text-align: justify;\"><span> <\/span><\/p>\n<p>[\/et_pb_text][\/et_pb_column][et_pb_column type=&#8221;1_2&#8243; _builder_version=&#8221;4.16&#8243; global_colors_info=&#8221;{}&#8221; theme_builder_area=&#8221;post_content&#8221;][et_pb_text _builder_version=&#8221;4.21.0&#8243; text_font=&#8221;||||||||&#8221; text_text_color=&#8221;#000000&#8243; text_line_height=&#8221;1.4em&#8221; ul_line_height=&#8221;1.4em&#8221; global_colors_info=&#8221;{}&#8221; theme_builder_area=&#8221;post_content&#8221;]<\/p>\n<p><strong>T\u1ea0O CV CHU\u1ea8N DEVELOPER<\/strong><\/p>\n<ul>\n<li style=\"font-weight: 400;\" aria-level=\"1\"><span style=\"font-weight: 400;\">Th\u00f4ng tin \u0111\u01b0\u1ee3c c\u1eadp nh\u1eadt \u0111\u1ea7y \u0111\u1ee7 &amp; ch\u00ednh x\u00e1c.\u00a0 \u0110\u1ed3ng b\u1ed9 v\u1edbi PC\u00a0<\/span><\/li>\n<li style=\"font-weight: 400;\" aria-level=\"1\"><span style=\"font-weight: 400;\">Thao t\u00e1c \u0111\u01a1n gi\u1ea3n, ti\u1ec7n l\u1ee3i. T\u1ea1o, l\u01b0u tr\u1eef v\u00e0 c\u1eadp nh\u1eadt d\u1ec5 d\u00e0ng<\/span><\/li>\n<li style=\"font-weight: 400;\" aria-level=\"1\"><span style=\"font-weight: 400;\">C\u1ea5u tr\u00fac chu\u1ea9n \u2013 D\u00e0nh ri\u00eang cho Developer<\/span><\/li>\n<li style=\"font-weight: 400;\" aria-level=\"1\"><span style=\"font-weight: 400;\">C\u00e1c m\u1eabu CV \u0111\u01b0\u1ee3c l\u1ef1a ch\u1ecdn k\u1ef9 c\u00e0ng<\/span><\/li>\n<li style=\"font-weight: 400;\" aria-level=\"1\"><span style=\"font-weight: 400;\">Qu\u1ea3n l\u00fd CV d\u1ec5 d\u00e0ng &amp; \u1ee9ng tuy\u1ec3n nhanh ch\u00f3ng<\/span><span style=\"font-weight: 400;\"><\/span><\/li>\n<\/ul>\n<p><b>C\u1eacP NH\u1eacT TH\u00d4NG B\u00c1O NHANH CH\u00d3NG, TI\u1ec6N L\u1ee2I<\/b><\/p>\n<ul>\n<li style=\"font-weight: 400;\" aria-level=\"1\"><span style=\"font-weight: 400;\">Kh\u00f4ng ph\u1ea3i b\u1ecf l\u1ee1 c\u00e1c c\u01a1 h\u1ed9i h\u1ea5p d\u1eabn t\u1eeb nh\u1eefng c\u00f4ng ty c\u00f4ng ngh\u1ec7 tr\u00ean TopDev<\/span><\/li>\n<li style=\"font-weight: 400;\" aria-level=\"1\"><span style=\"font-weight: 400;\">N\u1eafm b\u1eaft th\u00f4ng tin vi\u1ec7c l\u00e0m m\u1edbi t\u1eeb c\u00e1c c\u00f4ng ty y\u00eau th\u00edch\u00a0<\/span><\/li>\n<li style=\"font-weight: 400;\" aria-level=\"1\"><span style=\"font-weight: 400;\">Gi\u00fap b\u1ea1n c\u00f3 nh\u1eefng tr\u1ea3i nghi\u1ec7m t\u1ed1t v\u00e0 to\u00e0n di\u1ec7n h\u01a1n khi s\u1eed d\u1ee5ng app<\/span><\/li>\n<\/ul>\n<p><strong>TECH BLOGS &amp; C\u00d4NG C\u1ee4 CHO DEVELOPERS<\/strong><\/p>\n<ul>\n<li><span>C\u1eadp nh\u1eadt ki\u1ebfn \u200b\u200bth\u1ee9c CNTT, xu h\u01b0\u1edbng l\u1eadp tr\u00ecnh m\u1ecdi l\u00fac m\u1ecdi n\u01a1i v\u1edbi Menu Blog <\/span><\/li>\n<li><span>C\u1eadp nh\u1eadt th\u00f4ng tin th\u1ecb tr\u01b0\u1eddng IT Vi\u1ec7t Nam<\/span><\/li>\n<li><span>C\u00f4ng c\u1ee5 t\u00ednh l\u01b0\u01a1ng Gross &#8211; Net C\u00e0i \u0111\u1eb7t \u1ee9ng d\u1ee5ng TopDev <\/span><\/li>\n<\/ul>\n<p style=\"text-align: justify;\"><em><strong>T\u00ecm vi\u1ec7c IT ngay h\u00f4m nay \u0111\u1ec3 kh\u00e1m ph\u00e1 th\u1ecb tr\u01b0\u1eddng vi\u1ec7c l\u00e0m IT t\u1ea1i Vi\u1ec7t Nam &amp; kh\u1edfi s\u1eafc s\u1ef1 nghi\u1ec7p c\u1ee7a b\u1ea1n v\u1edbi TopDev.<\/strong> <\/em><\/p>\n<p style=\"text-align: justify;\"><span>V\u1ec1 TopDev: &#8211; N\u1ec1n t\u1ea3ng tuy\u1ec3n d\u1ee5ng IT h\u00e0ng \u0111\u1ea7u t\u1ea1i Vi\u1ec7t Nam v\u1edbi h\u01a1n 300.000 h\u1ed3 s\u01a1 l\u1eadp tr\u00ecnh vi\u00ean &#8211; \u0110\u01a1n v\u1ecb d\u1eabn \u0111\u1ea7u v\u00e0 duy nh\u1ea5t trong l\u0129nh v\u1ef1c CNTT t\u1ea1i Vi\u1ec7t Nam x\u00e2y d\u1ef1ng v\u00e0 ph\u00e1t tri\u1ec3n th\u01b0\u01a1ng hi\u1ec7u nh\u00e0 tuy\u1ec3n d\u1ee5ng cho h\u00e0ng tr\u0103m doanh nghi\u1ec7p trong n\u01b0\u1edbc v\u00e0 qu\u1ed1c t\u1ebf &#8211; \u0110\u01a1n v\u1ecb uy t\u00edn th\u1ef1c hi\u1ec7n kh\u1ea3o s\u00e1t, ph\u00e2n t\u00edch v\u00e0 ph\u00e1t h\u00e0nh b\u00e1o c\u00e1o th\u01b0\u1eddng ni\u00ean v\u1ec1 th\u1ecb tr\u01b0\u1eddng IT v\u00e0 ngu\u1ed3n nh\u00e2n l\u1ef1c IT t\u1ea1i Vi\u1ec7t Nam &#8211; \u0110\u01a1n v\u1ecb t\u1ed5 ch\u1ee9c c\u1ee7a 2 s\u1ef1 ki\u1ec7n c\u00f4ng ngh\u1ec7 l\u1edbn nh\u1ea5t Vi\u1ec7t Nam: Vietnam Mobile Day v\u00e0 Vietnam Web Summit &#8211; C\u1ed9ng \u0111\u1ed3ng l\u1eadp tr\u00ecnh vi\u00ean l\u1edbn nh\u1ea5t t\u1ea1i Vi\u1ec7t Nam <\/span><\/p>\n<p>[\/et_pb_text][\/et_pb_column][\/et_pb_row][\/et_pb_section][et_pb_section fb_built=&#8221;1&#8243; admin_label=&#8221;Footer&#8221; _builder_version=&#8221;4.21.0&#8243; background_color=&#8221;#303030&#8243; custom_padding=&#8221;0||0||true|false&#8221; saved_tabs=&#8221;all&#8221; locked=&#8221;off&#8221; global_colors_info=&#8221;{}&#8221; theme_builder_area=&#8221;post_content&#8221;][et_pb_row column_structure=&#8221;1_4,1_4,1_4,1_4&#8243; use_custom_gutter=&#8221;on&#8221; gutter_width=&#8221;1&#8243; make_equal=&#8221;on&#8221; _builder_version=&#8221;4.16&#8243; custom_padding=&#8221;22px|0px|0|0px|false|false&#8221; global_colors_info=&#8221;{}&#8221; theme_builder_area=&#8221;post_content&#8221;][et_pb_column type=&#8221;1_4&#8243; _builder_version=&#8221;4.16&#8243; custom_padding=&#8221;|||&#8221; global_colors_info=&#8221;{}&#8221; custom_padding__hover=&#8221;|||&#8221; theme_builder_area=&#8221;post_content&#8221;][et_pb_text _builder_version=&#8221;4.16&#8243; text_font=&#8221;Arial|700|||||||&#8221; text_text_color=&#8221;#FFFFFF&#8221; text_font_size=&#8221;16px&#8221; global_colors_info=&#8221;{}&#8221; theme_builder_area=&#8221;post_content&#8221;]<\/p>\n<p>ABOUT TOPDEV<\/p>\n<p>[\/et_pb_text][et_pb_text _builder_version=&#8221;4.16&#8243; text_font=&#8221;Arial|500|||||||&#8221; text_text_color=&#8221;#FFFFFF&#8221; link_option_url=&#8221;https:\/\/topdev.vn\/about-us&#8221; link_option_url_new_window=&#8221;on&#8221; global_colors_info=&#8221;{}&#8221; theme_builder_area=&#8221;post_content&#8221;]<\/p>\n<p>About us<\/p>\n<p>[\/et_pb_text][et_pb_text _builder_version=&#8221;4.16&#8243; text_font=&#8221;Arial|500|||||||&#8221; text_text_color=&#8221;#FFFFFF&#8221; link_option_url=&#8221;https:\/\/topdev.vn\/contact&#8221; link_option_url_new_window=&#8221;on&#8221; global_colors_info=&#8221;{}&#8221; theme_builder_area=&#8221;post_content&#8221;]<\/p>\n<p>Contact us<\/p>\n<p>[\/et_pb_text][et_pb_text _builder_version=&#8221;4.16&#8243; text_font=&#8221;Arial|500|||||||&#8221; text_text_color=&#8221;#FFFFFF&#8221; link_option_url=&#8221;https:\/\/topdev.vn\/term-of-services&#8221; link_option_url_new_window=&#8221;on&#8221; global_colors_info=&#8221;{}&#8221; theme_builder_area=&#8221;post_content&#8221;]<\/p>\n<p>Terms of Service<\/p>\n<p>[\/et_pb_text][et_pb_text _builder_version=&#8221;4.16&#8243; text_font=&#8221;Arial|500|||||||&#8221; text_text_color=&#8221;#FFFFFF&#8221; link_option_url=&#8221;https:\/\/topdev.vn\/privacy-policy&#8221; link_option_url_new_window=&#8221;on&#8221; global_colors_info=&#8221;{}&#8221; theme_builder_area=&#8221;post_content&#8221;]<\/p>\n<p>Privacy Policy<\/p>\n<p>[\/et_pb_text][et_pb_text _builder_version=&#8221;4.16&#8243; text_font=&#8221;Arial|500|||||||&#8221; text_text_color=&#8221;#FFFFFF&#8221; link_option_url=&#8221;https:\/\/topdev.vn\/operation-regulation&#8221; link_option_url_new_window=&#8221;on&#8221; global_colors_info=&#8221;{}&#8221; theme_builder_area=&#8221;post_content&#8221;]<\/p>\n<p>Operation Regulation of TOPDEV E-commerce Trading Floor<\/p>\n<p>[\/et_pb_text][et_pb_text _builder_version=&#8221;4.16&#8243; text_font=&#8221;Arial|500|||||||&#8221; text_text_color=&#8221;#FFFFFF&#8221; link_option_url=&#8221;https:\/\/topdev.vn\/resolve-complaints&#8221; link_option_url_new_window=&#8221;on&#8221; global_colors_info=&#8221;{}&#8221; theme_builder_area=&#8221;post_content&#8221;]<\/p>\n<p>Resolve Complaints<\/p>\n<p>[\/et_pb_text][\/et_pb_column][et_pb_column type=&#8221;1_4&#8243; _builder_version=&#8221;4.16&#8243; custom_padding=&#8221;|||&#8221; global_colors_info=&#8221;{}&#8221; custom_padding__hover=&#8221;|||&#8221; theme_builder_area=&#8221;post_content&#8221;][et_pb_text _builder_version=&#8221;4.16&#8243; text_font=&#8221;Arial|700|||||||&#8221; text_text_color=&#8221;#FFFFFF&#8221; text_font_size=&#8221;16px&#8221; global_colors_info=&#8221;{}&#8221; theme_builder_area=&#8221;post_content&#8221;]<\/p>\n<p>FOR JOBSEEKERS<\/p>\n<p>[\/et_pb_text][et_pb_text _builder_version=&#8221;4.16&#8243; text_font=&#8221;Arial|500|||||||&#8221; text_text_color=&#8221;#FFFFFF&#8221; link_option_url=&#8221;http:\/\/salary.topdev.vn\/&#8221; link_option_url_new_window=&#8221;on&#8221; global_colors_info=&#8221;{}&#8221; theme_builder_area=&#8221;post_content&#8221;]<\/p>\n<p>My Resume<\/p>\n<p>[\/et_pb_text][et_pb_text _builder_version=&#8221;4.16&#8243; text_font=&#8221;Arial|500|||||||&#8221; text_text_color=&#8221;#FFFFFF&#8221; link_option_url=&#8221;https:\/\/topdev.vn\/search?q=&#038;sid=&#038;cid=&#8221; link_option_url_new_window=&#8221;on&#8221; global_colors_info=&#8221;{}&#8221; theme_builder_area=&#8221;post_content&#8221;]<\/p>\n<p>Browse All IT Jobs<\/p>\n<p>[\/et_pb_text][\/et_pb_column][et_pb_column type=&#8221;1_4&#8243; _builder_version=&#8221;4.16&#8243; custom_padding=&#8221;|||&#8221; global_colors_info=&#8221;{}&#8221; custom_padding__hover=&#8221;|||&#8221; theme_builder_area=&#8221;post_content&#8221;][et_pb_text _builder_version=&#8221;4.16&#8243; text_font=&#8221;Arial|700|||||||&#8221; text_text_color=&#8221;#FFFFFF&#8221; text_font_size=&#8221;16px&#8221; global_colors_info=&#8221;{}&#8221; theme_builder_area=&#8221;post_content&#8221;]<\/p>\n<p>FOR EMPLOYERS<\/p>\n<p>[\/et_pb_text][et_pb_text _builder_version=&#8221;4.16&#8243; text_font=&#8221;Arial|500|||||||&#8221; text_text_color=&#8221;#FFFFFF&#8221; global_colors_info=&#8221;{}&#8221; theme_builder_area=&#8221;post_content&#8221;]<\/p>\n<p>Post a Job<\/p>\n<p>[\/et_pb_text][et_pb_text _builder_version=&#8221;4.16&#8243; text_font=&#8221;Arial|500|||||||&#8221; text_text_color=&#8221;#FFFFFF&#8221; global_colors_info=&#8221;{}&#8221; theme_builder_area=&#8221;post_content&#8221;]<\/p>\n<p>Talent solutions<\/p>\n<p>[\/et_pb_text][et_pb_text _builder_version=&#8221;4.16&#8243; text_font=&#8221;Arial|500|||||||&#8221; text_text_color=&#8221;#FFFFFF&#8221; global_colors_info=&#8221;{}&#8221; theme_builder_area=&#8221;post_content&#8221;]<\/p>\n<p>Join our Job Ad Network<\/p>\n<p>[\/et_pb_text][\/et_pb_column][et_pb_column type=&#8221;1_4&#8243; _builder_version=&#8221;4.16&#8243; custom_padding=&#8221;|||&#8221; global_colors_info=&#8221;{}&#8221; custom_padding__hover=&#8221;|||&#8221; theme_builder_area=&#8221;post_content&#8221;][et_pb_social_media_follow _builder_version=&#8221;4.16&#8243; text_orientation=&#8221;left&#8221; border_radii=&#8221;on|50px|50px|50px|50px&#8221; global_colors_info=&#8221;{}&#8221; theme_builder_area=&#8221;post_content&#8221;][et_pb_social_media_follow_network social_network=&#8221;facebook&#8221; url=&#8221;https:\/\/www.facebook.com\/topdevvietnam\/&#8221; _builder_version=&#8221;4.16&#8243; background_color=&#8221;#000000&#8243; border_width_all=&#8221;3px&#8221; border_color_all=&#8221;rgba(0,0,0,0)&#8221; global_colors_info=&#8221;{}&#8221; background__hover_enabled=&#8221;on&#8221; theme_builder_area=&#8221;post_content&#8221; follow_button=&#8221;off&#8221; url_new_window=&#8221;on&#8221;]facebook[\/et_pb_social_media_follow_network][et_pb_social_media_follow_network social_network=&#8221;youtube&#8221; url=&#8221;https:\/\/www.youtube.com\/channel\/UCZedbcmUtab8Y7DEt4ZZv7Q&#8221; _builder_version=&#8221;4.16&#8243; background_color=&#8221;#000000&#8243; border_width_all=&#8221;3px&#8221; border_color_all=&#8221;rgba(0,0,0,0)&#8221; global_colors_info=&#8221;{}&#8221; theme_builder_area=&#8221;post_content&#8221; follow_button=&#8221;off&#8221; url_new_window=&#8221;on&#8221;]youtube[\/et_pb_social_media_follow_network][et_pb_social_media_follow_network social_network=&#8221;linkedin&#8221; url=&#8221;https:\/\/www.linkedin.com\/company\/topdev-vn\/&#8221; _builder_version=&#8221;4.16&#8243; background_color=&#8221;#000000&#8243; border_width_all=&#8221;3px&#8221; border_color_all=&#8221;rgba(0,0,0,0)&#8221; global_colors_info=&#8221;{}&#8221; theme_builder_area=&#8221;post_content&#8221; follow_button=&#8221;off&#8221; url_new_window=&#8221;on&#8221;]linkedin[\/et_pb_social_media_follow_network][\/et_pb_social_media_follow][et_pb_text _builder_version=&#8221;4.16&#8243; text_font=&#8221;Arial|500|||||||&#8221; text_text_color=&#8221;#FFFFFF&#8221; global_colors_info=&#8221;{}&#8221; theme_builder_area=&#8221;post_content&#8221;]<\/p>\n<p><span>Level 12A, AP Tower, 518B Dien Bien Phu Street, Ward 21, Binh Thanh District, Ho Chi Minh City<\/span><\/p>\n<p>(84) 28 6273 3496\u00a0 |\u00a0contact@topdev.vn<\/p>\n<p>[\/et_pb_text][\/et_pb_column][\/et_pb_row][\/et_pb_section]<\/p>\n","protected":false},"excerpt":{"rendered":"<p>\u1ee8ng D\u1ee5ng Di \u0110\u1ed9ng &#8220;TopDev &#8211; T\u00ecm vi\u1ec7c IT&#8221; TopDev &#8211; T\u00ecm vi\u1ec7c IT l\u00e0 \u1ee9ng d\u1ee5ng di \u0111\u1ed9ng ch\u00ednh th\u1ee9c c\u1ee7a trang TopDev.vn &#8211; Vi\u1ec7c l\u00e0m IT h\u00e0ng \u0111\u1ea7u d\u00e0nh cho l\u1eadp tr\u00ecnh vi\u00ean t\u1ea1i Vi\u1ec7t Nam. V\u1edbi TopDev, \u1edf c\u1ea3 trang web &amp; \u1ee9ng d\u1ee5ng di \u0111\u1ed9ng, c\u00e1c l\u1eadp tr\u00ecnh vi\u00ean c\u00f3 th\u1ec3 [&hellip;]<\/p>\n","protected":false},"author":2,"featured_media":8138,"parent":0,"menu_order":0,"comment_status":"closed","ping_status":"closed","template":"","meta":{"_et_pb_use_builder":"on","_et_pb_old_content":"","_et_gb_content_width":""},"_links":{"self":[{"href":"https:\/\/topdev.vn\/page\/wp-json\/wp\/v2\/pages\/7426"}],"collection":[{"href":"https:\/\/topdev.vn\/page\/wp-json\/wp\/v2\/pages"}],"about":[{"href":"https:\/\/topdev.vn\/page\/wp-json\/wp\/v2\/types\/page"}],"author":[{"embeddable":true,"href":"https:\/\/topdev.vn\/page\/wp-json\/wp\/v2\/users\/2"}],"replies":[{"embeddable":true,"href":"https:\/\/topdev.vn\/page\/wp-json\/wp\/v2\/comments?post=7426"}],"version-history":[{"count":58,"href":"https:\/\/topdev.vn\/page\/wp-json\/wp\/v2\/pages\/7426\/revisions"}],"predecessor-version":[{"id":10218,"href":"https:\/\/topdev.vn\/page\/wp-json\/wp\/v2\/pages\/7426\/revisions\/10218"}],"wp:featuredmedia":[{"embeddable":true,"href":"https:\/\/topdev.vn\/page\/wp-json\/wp\/v2\/media\/8138"}],"wp:attachment":[{"href":"https:\/\/topdev.vn\/page\/wp-json\/wp\/v2\/media?parent=7426"}],"curies":[{"name":"wp","href":"https:\/\/api.w.org\/{rel}","templated":true}]}}